{"id":114,"date":"2015-03-01T19:30:30","date_gmt":"2015-03-01T19:30:30","guid":{"rendered":"https:\/\/www.limounie.com\/?page_id=114"},"modified":"2024-05-25T10:31:23","modified_gmt":"2024-05-25T09:31:23","slug":"over-limounie","status":"publish","type":"page","link":"https:\/\/www.limounie.com\/de\/","title":{"rendered":"\u00dcber Limouni\u00e9"},"content":{"rendered":"<p><\/p>\n<ul>\n<li>Die D\u00fcfte und Farben der Provence<\/li>\n<li>Alle Zeit der Welt<\/li>\n<li>Einfach entspannen<\/li>\n<li>Ein \u201eZuhause\u201c fern von daheim<\/li>\n<li>Aktive Herausforderungen<\/li>\n<li>Eine wunderbare Zeit mit der Familie<\/li>\n<li>Sonnige Tage und laue Abende<\/li>\n<li>Mitten in der Natur<\/li>\n<\/ul>\n<p>Klingt das f\u00fcr Sie nach Urlaub?<\/p>\n<p>Wir bieten Ihnen:<\/p>\n<ul>\n<li>Eine brandneue, gro\u00dfz\u00fcgige Ferienvilla f\u00fcr 16 Personen mit privatem Pool (10&#215;4 m). Ideal f\u00fcr einen luxuri\u00f6sen Familienurlaub, Gro\u00dfeltern mit ihren Kindern und Enkeln oder eine Gruppe von Freunden.<\/li>\n<\/ul>\n<p>Die Villa verf\u00fcgt \u00fcber 7 Schlafzimmer und 6 Badezimmer, einen gro\u00dfen privaten Pool mit Sonnenterrasse.<br \/>Ger\u00e4umiges Wohnzimmer und offene K\u00fcche, ausgestattet mit allem modernen Komfort.<\/p>\n<p>Die Villa liegt auf einem H\u00fcgel und bietet einen gro\u00dfartigen Panoramablick \u00fcber das Tal und die H\u00fcgelspitzen der &#8218;Gorges du Verdon&#8216;.<\/p>\n<p>Das Anwesen befindet sich in Allemagne-en-Provence, einem malerischen provenzalischen Dorf.<br \/>In der N\u00e4he eines pr\u00e4chtigen Schlosses, des Sees Ste. Croix, des Sees Esparron und der atemberaubenden \u201eGorges du Verdon\u201c.<\/p>\n<p>Ein idealer Ausgangspunkt f\u00fcr Besichtigungen, vom Mont Ventoux bis zur C\u00f4te d\u2019Azur.<\/p>\n<p><\/p>","protected":false},"excerpt":{"rendered":"<p class=\"excerpt\">Die D\u00fcfte und Farben der Provence Alle Zeit der Welt Einfach entspannen Ein \u201eZuhause\u201c fern von daheim Aktive Herausforderungen Eine wunderbare Zeit mit der Familie Sonnige Tage und laue Abende Mitten in der Natur Klingt das f\u00fcr Sie nach Urlaub? Wir bieten Ihnen: Eine brandneue, gro\u00dfz\u00fcgige Ferienvilla f\u00fcr 16 Personen mit privatem Pool (10&#215;4 m). Ideal f\u00fcr einen luxuri\u00f6sen Familienurlaub,&hellip; <a href=\"https:\/\/www.limounie.com\/de\/\">Read more &rarr;<\/a><\/p>\n","protected":false},"author":3,"featured_media":0,"parent":0,"menu_order":0,"comment_status":"closed","ping_status":"closed","template":"","meta":{"footnotes":""},"_links":{"self":[{"href":"https:\/\/www.limounie.com\/de\/wp-json\/wp\/v2\/pages\/114"}],"collection":[{"href":"https:\/\/www.limounie.com\/de\/wp-json\/wp\/v2\/pages"}],"about":[{"href":"https:\/\/www.limounie.com\/de\/wp-json\/wp\/v2\/types\/page"}],"author":[{"embeddable":true,"href":"https:\/\/www.limounie.com\/de\/wp-json\/wp\/v2\/users\/3"}],"replies":[{"embeddable":true,"href":"https:\/\/www.limounie.com\/de\/wp-json\/wp\/v2\/comments?post=114"}],"version-history":[{"count":27,"href":"https:\/\/www.limounie.com\/de\/wp-json\/wp\/v2\/pages\/114\/revisions"}],"predecessor-version":[{"id":976,"href":"https:\/\/www.limounie.com\/de\/wp-json\/wp\/v2\/pages\/114\/revisions\/976"}],"wp:attachment":[{"href":"https:\/\/www.limounie.com\/de\/wp-json\/wp\/v2\/media?parent=114"}],"curies":[{"name":"wp","href":"https:\/\/api.w.org\/{rel}","templated":true}]}}