{"id":19,"date":"2015-01-12T18:48:27","date_gmt":"2015-01-12T18:48:27","guid":{"rendered":"https:\/\/www.limounie.com\/?page_id=19"},"modified":"2024-05-26T00:23:52","modified_gmt":"2024-05-25T23:23:52","slug":"kamers","status":"publish","type":"page","link":"https:\/\/www.limounie.com\/de\/kamers\/","title":{"rendered":"Zimmer"},"content":{"rendered":"<p>Das Haus befindet sich am Fu\u00dfe eines H\u00fcgels, sodass das Erdgeschoss gleichzeitig das Parterre ist.<\/p>\n<h3>Parterre<\/h3>\n<ul>\n<li>Technikraum<\/li>\n<li>Zugang zum Pool und zu den sanit\u00e4ren Einrichtungen im Freien.<\/li>\n<li>Beheizter Pool (10m x 4m) mit Sonnenterrasse und Garten<\/li>\n<li>Schlafzimmer f\u00fcr 4 Personen<\/li>\n<li>Schlafzimmer f\u00fcr 2 Personen<\/li>\n<li>Duschraum<\/li>\n<\/ul>\n<h3>Erster Stock<\/h3>\n<ul>\n<li>Gro\u00dfer Wohnbereich mit offener K\u00fcche.<\/li>\n<li>Hauptschlafzimmer mit eigenem Badezimmer mit Badewanne und Toilette.<\/li>\n<li>Separates WC.<\/li>\n<li>Terrasse vor dem Haus mit Blick auf den Pool und die Pergola.<\/li>\n<li>Schattenreiche Terrasse hinter dem Haus mit Gasgrill.<\/li>\n<\/ul>\n<h3>Zweiter Stock<\/h3>\n<ul>\n<li>4 x Doppelzimmer.<\/li>\n<\/ul>\n<p>Jedes Zimmer verf\u00fcgt \u00fcber gute Boxspringbetten und ein eigenes Badezimmer mit ger\u00e4umiger Duschkabine und Toilette!<\/p>\n<p><a href=\"https:\/\/www.limounie.com\/wp-content\/uploads\/2015\/01\/DSCN4405-Custom.jpg\"><img loading=\"lazy\" decoding=\"async\" class=\" size-medium wp-image-202 alignleft\" src=\"https:\/\/www.limounie.com\/wp-content\/uploads\/2015\/01\/DSCN4405-Custom-300x225.jpg\" alt=\"DSCN4405 (Custom)\" width=\"300\" height=\"225\" srcset=\"https:\/\/www.limounie.com\/wp-content\/uploads\/2015\/01\/DSCN4405-Custom-300x225.jpg 300w, https:\/\/www.limounie.com\/wp-content\/uploads\/2015\/01\/DSCN4405-Custom.jpg 1024w\" sizes=\"(max-width: 300px) 100vw, 300px\" \/><\/a> <a href=\"https:\/\/www.limounie.com\/wp-content\/uploads\/2015\/01\/DSCN4397-Custom.jpg\"><img loading=\"lazy\" decoding=\"async\" class=\" size-medium wp-image-196 alignright\" src=\"https:\/\/www.limounie.com\/wp-content\/uploads\/2015\/01\/DSCN4397-Custom-300x225.jpg\" alt=\"DSCN4397 (Custom)\" width=\"300\" height=\"225\" srcset=\"https:\/\/www.limounie.com\/wp-content\/uploads\/2015\/01\/DSCN4397-Custom-300x225.jpg 300w, https:\/\/www.limounie.com\/wp-content\/uploads\/2015\/01\/DSCN4397-Custom.jpg 1024w\" sizes=\"(max-width: 300px) 100vw, 300px\" \/><\/a> <a href=\"https:\/\/www.limounie.com\/wp-content\/uploads\/2015\/01\/DSCN4383-Custom.jpg\"><img loading=\"lazy\" decoding=\"async\" class=\" size-medium wp-image-189 alignleft\" src=\"https:\/\/www.limounie.com\/wp-content\/uploads\/2015\/01\/DSCN4383-Custom-300x225.jpg\" alt=\"DSCN4383 (Custom)\" width=\"300\" height=\"225\" srcset=\"https:\/\/www.limounie.com\/wp-content\/uploads\/2015\/01\/DSCN4383-Custom-300x225.jpg 300w, https:\/\/www.limounie.com\/wp-content\/uploads\/2015\/01\/DSCN4383-Custom.jpg 1024w\" sizes=\"(max-width: 300px) 100vw, 300px\" \/><\/a> <a href=\"https:\/\/www.limounie.com\/wp-content\/uploads\/2015\/01\/DSCN4373-Custom.jpg\"><img loading=\"lazy\" decoding=\"async\" class=\" size-medium wp-image-183 alignright\" src=\"https:\/\/www.limounie.com\/wp-content\/uploads\/2015\/01\/DSCN4373-Custom-300x225.jpg\" alt=\"DSCN4373 (Custom)\" width=\"300\" height=\"225\" srcset=\"https:\/\/www.limounie.com\/wp-content\/uploads\/2015\/01\/DSCN4373-Custom-300x225.jpg 300w, https:\/\/www.limounie.com\/wp-content\/uploads\/2015\/01\/DSCN4373-Custom.jpg 1024w\" sizes=\"(max-width: 300px) 100vw, 300px\" \/><\/a><\/p>","protected":false},"excerpt":{"rendered":"<p class=\"excerpt\">Das Haus befindet sich am Fu\u00dfe eines H\u00fcgels, sodass das Erdgeschoss gleichzeitig das Parterre ist. Parterre Technikraum Zugang zum Pool und zu den sanit\u00e4ren Einrichtungen im Freien. Beheizter Pool (10m x 4m) mit Sonnenterrasse und Garten Schlafzimmer f\u00fcr 4 Personen Schlafzimmer f\u00fcr 2 Personen Duschraum Erster Stock Gro\u00dfer Wohnbereich mit offener K\u00fcche. Hauptschlafzimmer mit eigenem Badezimmer mit Badewanne und Toilette.&hellip; <a href=\"https:\/\/www.limounie.com\/de\/kamers\/\">Read more &rarr;<\/a><\/p>\n","protected":false},"author":3,"featured_media":0,"parent":0,"menu_order":0,"comment_status":"closed","ping_status":"closed","template":"","meta":{"footnotes":""},"_links":{"self":[{"href":"https:\/\/www.limounie.com\/de\/wp-json\/wp\/v2\/pages\/19"}],"collection":[{"href":"https:\/\/www.limounie.com\/de\/wp-json\/wp\/v2\/pages"}],"about":[{"href":"https:\/\/www.limounie.com\/de\/wp-json\/wp\/v2\/types\/page"}],"author":[{"embeddable":true,"href":"https:\/\/www.limounie.com\/de\/wp-json\/wp\/v2\/users\/3"}],"replies":[{"embeddable":true,"href":"https:\/\/www.limounie.com\/de\/wp-json\/wp\/v2\/comments?post=19"}],"version-history":[{"count":79,"href":"https:\/\/www.limounie.com\/de\/wp-json\/wp\/v2\/pages\/19\/revisions"}],"predecessor-version":[{"id":1041,"href":"https:\/\/www.limounie.com\/de\/wp-json\/wp\/v2\/pages\/19\/revisions\/1041"}],"wp:attachment":[{"href":"https:\/\/www.limounie.com\/de\/wp-json\/wp\/v2\/media?parent=19"}],"curies":[{"name":"wp","href":"https:\/\/api.w.org\/{rel}","templated":true}]}}