{"id":33,"date":"2015-02-05T20:04:39","date_gmt":"2015-02-05T20:04:39","guid":{"rendered":"https:\/\/www.limounie.com\/?page_id=33"},"modified":"2024-05-25T10:41:49","modified_gmt":"2024-05-25T09:41:49","slug":"prijzen","status":"publish","type":"page","link":"https:\/\/www.limounie.com\/de\/prijzen\/","title":{"rendered":"Preise"},"content":{"rendered":"<p><\/p>\n<h3>In diesen Preisen ist die Endreinigung inbegriffen.<\/h3>\n<p><strong><span style=\"color: #ff0000;\">Direkt bei uns zu buchen ist immer g\u00fcnstiger als \u00fcber Vermittler wie VRBO \/ HomeAway, bei denen Sie immer zus\u00e4tzliche Servicegeb\u00fchren zahlen (manchmal mehr als 500 EUR!).<\/span><\/strong><\/p>\n<p>Strom zum Selbstkostenpreis (0,24 \/ kWh).<br \/>\nBettw\u00e4sche verf\u00fcgbar f\u00fcr 25 EUR pro Zimmer (2 Personen).<\/p>\n<table class=\"table table-striped\">\n<tbody>\n<tr class=\"info\">\n<td>Zeitr\u00e4ume 2024<\/td>\n<td>Preis\/Woche<\/td>\n<\/tr>\n<tr>\n<td>13\/04 &#8211; 18\/05<\/td>\n<td>\u20ac 1 280<\/td>\n<\/tr>\n<tr>\n<td>16\/05 &#8211; 01\/06<\/td>\n<td>\u20ac 1 420<\/td>\n<\/tr>\n<tr>\n<td>01\/06 &#8211; 15\/06<\/td>\n<td>\u20ac 1 580<\/td>\n<\/tr>\n<tr>\n<td>15\/06 &#8211; 29\/06<\/td>\n<td>\u20ac 1 740<\/td>\n<\/tr>\n<tr>\n<td>29\/06 &#8211; 31\/08<\/td>\n<td>\u20ac 3 360<\/td>\n<\/tr>\n<tr>\n<td>31\/08 &#8211; 14\/09<\/td>\n<td>\u20ac 1 840<\/td>\n<\/tr>\n<tr>\n<td>14\/09 &#8211; 28\/09<\/td>\n<td>\u20ac 1 600<\/td>\n<\/tr>\n<tr>\n<td><\/td>\n<td><\/td>\n<\/tr>\n<tr>\n<td>21\/12 &#8211; 04\/01 2025<\/td>\n<td>\u20ac 1 640<\/td>\n<\/tr>\n<tr>\n<td><\/td>\n<td><\/td>\n<\/tr>\n<tr>\n<td>Andere Zeitr\u00e4ume<\/td>\n<td>\u20ac 1 280<\/td>\n<\/tr>\n<\/tbody>\n<\/table>\n<p><\/p>","protected":false},"excerpt":{"rendered":"<p class=\"excerpt\">In diesen Preisen ist die Endreinigung inbegriffen. Direkt bei uns zu buchen ist immer g\u00fcnstiger als \u00fcber Vermittler wie VRBO \/ HomeAway, bei denen Sie immer zus\u00e4tzliche Servicegeb\u00fchren zahlen (manchmal mehr als 500 EUR!). Strom zum Selbstkostenpreis (0,24 \/ kWh). Bettw\u00e4sche verf\u00fcgbar f\u00fcr 25 EUR pro Zimmer (2 Personen). Zeitr\u00e4ume 2024 Preis\/Woche 13\/04 &#8211; 18\/05 \u20ac 1 280 16\/05 &#8211;&hellip; <a href=\"https:\/\/www.limounie.com\/de\/prijzen\/\">Read more &rarr;<\/a><\/p>\n","protected":false},"author":3,"featured_media":0,"parent":0,"menu_order":0,"comment_status":"closed","ping_status":"closed","template":"","meta":{"footnotes":""},"_links":{"self":[{"href":"https:\/\/www.limounie.com\/de\/wp-json\/wp\/v2\/pages\/33"}],"collection":[{"href":"https:\/\/www.limounie.com\/de\/wp-json\/wp\/v2\/pages"}],"about":[{"href":"https:\/\/www.limounie.com\/de\/wp-json\/wp\/v2\/types\/page"}],"author":[{"embeddable":true,"href":"https:\/\/www.limounie.com\/de\/wp-json\/wp\/v2\/users\/3"}],"replies":[{"embeddable":true,"href":"https:\/\/www.limounie.com\/de\/wp-json\/wp\/v2\/comments?post=33"}],"version-history":[{"count":99,"href":"https:\/\/www.limounie.com\/de\/wp-json\/wp\/v2\/pages\/33\/revisions"}],"predecessor-version":[{"id":979,"href":"https:\/\/www.limounie.com\/de\/wp-json\/wp\/v2\/pages\/33\/revisions\/979"}],"wp:attachment":[{"href":"https:\/\/www.limounie.com\/de\/wp-json\/wp\/v2\/media?parent=33"}],"curies":[{"name":"wp","href":"https:\/\/api.w.org\/{rel}","templated":true}]}}