{"id":114,"date":"2015-03-01T19:30:30","date_gmt":"2015-03-01T19:30:30","guid":{"rendered":"https:\/\/www.limounie.com\/?page_id=114"},"modified":"2024-05-25T10:31:23","modified_gmt":"2024-05-25T09:31:23","slug":"over-limounie","status":"publish","type":"page","link":"https:\/\/www.limounie.com\/fr\/","title":{"rendered":"Accueil"},"content":{"rendered":"<p><\/p>\n<ul>\n<li>Les senteurs et couleurs de la Provence<\/li>\n<li>Avoir tout le temps du monde<\/li>\n<li>La douceur de se laisser vivre<\/li>\n<li>Se sentir \u00ab\u00a0comme chez soi\u00a0\u00bb<\/li>\n<li>Des d\u00e9couvertes culturelles et des d\u00e9fis sportifs<\/li>\n<li>Du temps \u00e0 passer en famille<\/li>\n<li>Des journ\u00e9es remplies de soleil, des nuits pleines de douceur<\/li>\n<li>L\u2019appel de la natureLaissez-vous tenter et visitez-nous\u00a0!<\/li>\n<\/ul>\n<p>A votre disposition:<\/p>\n<p>Une villa neuve pour 16 personnes. \u00a0 Id\u00e9al pour des vacances inoubliables avec toute la famille ou son cercle d&rsquo;amis.<\/p>\n<p>La villa est construite contre la colline, ce qui offre une tr\u00e8s belle vue depuis la terrasse sur la vall\u00e9e du Colostre ainsi que sur les sommets du massif du Montdenier entourant les Gorges du Verdon.<\/p>\n<p>La villa se situe dans la commune d\u2019Allemagne-en-Provence, id\u00e9alement situ\u00e9e \u00e0 l\u2019ombre du ch\u00e2teau class\u00e9 monument historique. Le village se trouve pr\u00e8s de l\u2019immense aire de \u00ab\u00a0jeux\u00a0\u00bb qu\u2019est le pays de Verdon et ses gorges.<\/p>\n<p>Un s\u00e9jour ici vous permet de d\u00e9couvrir les merveilles du Mont-Ventoux ainsi que les plaisirs de la C\u00f4te d\u2019Azur.<\/p>","protected":false},"excerpt":{"rendered":"<p class=\"excerpt\">Les senteurs et couleurs de la Provence Avoir tout le temps du monde La douceur de se laisser vivre Se sentir \u00ab\u00a0comme chez soi\u00a0\u00bb Des d\u00e9couvertes culturelles et des d\u00e9fis sportifs Du temps \u00e0 passer en famille Des journ\u00e9es remplies de soleil, des nuits pleines de douceur L\u2019appel de la natureLaissez-vous tenter et visitez-nous\u00a0! A votre disposition: Une villa neuve&hellip; <a href=\"https:\/\/www.limounie.com\/fr\/\">Read more &rarr;<\/a><\/p>\n","protected":false},"author":3,"featured_media":0,"parent":0,"menu_order":0,"comment_status":"closed","ping_status":"closed","template":"","meta":{"footnotes":""},"_links":{"self":[{"href":"https:\/\/www.limounie.com\/fr\/wp-json\/wp\/v2\/pages\/114"}],"collection":[{"href":"https:\/\/www.limounie.com\/fr\/wp-json\/wp\/v2\/pages"}],"about":[{"href":"https:\/\/www.limounie.com\/fr\/wp-json\/wp\/v2\/types\/page"}],"author":[{"embeddable":true,"href":"https:\/\/www.limounie.com\/fr\/wp-json\/wp\/v2\/users\/3"}],"replies":[{"embeddable":true,"href":"https:\/\/www.limounie.com\/fr\/wp-json\/wp\/v2\/comments?post=114"}],"version-history":[{"count":27,"href":"https:\/\/www.limounie.com\/fr\/wp-json\/wp\/v2\/pages\/114\/revisions"}],"predecessor-version":[{"id":976,"href":"https:\/\/www.limounie.com\/fr\/wp-json\/wp\/v2\/pages\/114\/revisions\/976"}],"wp:attachment":[{"href":"https:\/\/www.limounie.com\/fr\/wp-json\/wp\/v2\/media?parent=114"}],"curies":[{"name":"wp","href":"https:\/\/api.w.org\/{rel}","templated":true}]}}