{"id":19,"date":"2015-01-12T18:48:27","date_gmt":"2015-01-12T18:48:27","guid":{"rendered":"https:\/\/www.limounie.com\/?page_id=19"},"modified":"2024-05-26T00:23:52","modified_gmt":"2024-05-25T23:23:52","slug":"kamers","status":"publish","type":"page","link":"https:\/\/www.limounie.com\/fr\/kamers\/","title":{"rendered":"Les chambres"},"content":{"rendered":"<p>La maison est situ\u00e9e au pied d&rsquo;une colline de sorte que le rez-de-chauss\u00e9e est aussi le rez-de-chauss\u00e9e.<\/p>\n<h3>Deuxi\u00e8me \u00e9tage<\/h3>\n<ul>\n<li>4 x chambre double.<\/li>\n<\/ul>\n<p>Chaque chambre a de bons sommiers \u00e0 ressorts et une salle de bain priv\u00e9e avec grande douche et toilette !<\/p>\n<h3>Premier \u00e9tage<\/h3>\n<ul>\n<li>Vaste espace de vie avec cuisine ouverte.<\/li>\n<li>Chambre \u00e0 coucher principale avec salle de bain priv\u00e9e avec baignoire.<\/li>\n<li>Toilettes de service.<\/li>\n<li>Terrasse devant la maison avec vue sur la piscine et la pergola.<\/li>\n<li>Terrasse ombrag\u00e9e derri\u00e8re la maison avec gaz BBQ.<\/li>\n<\/ul>\n<h3>Rez-de-chauss\u00e9e<\/h3>\n<ul>\n<li>Chambre pour 4 personnes (2 x lit simple + 1 lit superpos\u00e9)<\/li>\n<li>Chambre pour 2 personnes<\/li>\n<li>Salle de bain<\/li>\n<li>Locale technique<\/li>\n<li>Acc\u00e8s \u00e0 la piscine ext\u00e9rieure et aux installations sanitaires<\/li>\n<li>Piscine chauff\u00e9e (10m x 4m) avec terrasse et jardin<\/li>\n<\/ul>\n<p><a href=\"https:\/\/www.limounie.com\/wp-content\/uploads\/2015\/01\/DSCN4405-Custom.jpg\"><img loading=\"lazy\" decoding=\"async\" class=\" size-medium wp-image-202 alignleft\" src=\"https:\/\/www.limounie.com\/wp-content\/uploads\/2015\/01\/DSCN4405-Custom-300x225.jpg\" alt=\"DSCN4405 (Custom)\" width=\"300\" height=\"225\" srcset=\"https:\/\/www.limounie.com\/wp-content\/uploads\/2015\/01\/DSCN4405-Custom-300x225.jpg 300w, https:\/\/www.limounie.com\/wp-content\/uploads\/2015\/01\/DSCN4405-Custom.jpg 1024w\" sizes=\"(max-width: 300px) 100vw, 300px\" \/><\/a> <a href=\"https:\/\/www.limounie.com\/wp-content\/uploads\/2015\/01\/DSCN4397-Custom.jpg\"><img loading=\"lazy\" decoding=\"async\" class=\" size-medium wp-image-196 alignright\" src=\"https:\/\/www.limounie.com\/wp-content\/uploads\/2015\/01\/DSCN4397-Custom-300x225.jpg\" alt=\"DSCN4397 (Custom)\" width=\"300\" height=\"225\" srcset=\"https:\/\/www.limounie.com\/wp-content\/uploads\/2015\/01\/DSCN4397-Custom-300x225.jpg 300w, https:\/\/www.limounie.com\/wp-content\/uploads\/2015\/01\/DSCN4397-Custom.jpg 1024w\" sizes=\"(max-width: 300px) 100vw, 300px\" \/><\/a> <a href=\"https:\/\/www.limounie.com\/wp-content\/uploads\/2015\/01\/DSCN4383-Custom.jpg\"><img loading=\"lazy\" decoding=\"async\" class=\" size-medium wp-image-189 alignleft\" src=\"https:\/\/www.limounie.com\/wp-content\/uploads\/2015\/01\/DSCN4383-Custom-300x225.jpg\" alt=\"DSCN4383 (Custom)\" width=\"300\" height=\"225\" srcset=\"https:\/\/www.limounie.com\/wp-content\/uploads\/2015\/01\/DSCN4383-Custom-300x225.jpg 300w, https:\/\/www.limounie.com\/wp-content\/uploads\/2015\/01\/DSCN4383-Custom.jpg 1024w\" sizes=\"(max-width: 300px) 100vw, 300px\" \/><\/a> <a href=\"https:\/\/www.limounie.com\/wp-content\/uploads\/2015\/01\/DSCN4373-Custom.jpg\"><img loading=\"lazy\" decoding=\"async\" class=\" size-medium wp-image-183 alignright\" src=\"https:\/\/www.limounie.com\/wp-content\/uploads\/2015\/01\/DSCN4373-Custom-300x225.jpg\" alt=\"DSCN4373 (Custom)\" width=\"300\" height=\"225\" srcset=\"https:\/\/www.limounie.com\/wp-content\/uploads\/2015\/01\/DSCN4373-Custom-300x225.jpg 300w, https:\/\/www.limounie.com\/wp-content\/uploads\/2015\/01\/DSCN4373-Custom.jpg 1024w\" sizes=\"(max-width: 300px) 100vw, 300px\" \/><\/a><br \/>\n<\/p>","protected":false},"excerpt":{"rendered":"<p class=\"excerpt\">La maison est situ\u00e9e au pied d&rsquo;une colline de sorte que le rez-de-chauss\u00e9e est aussi le rez-de-chauss\u00e9e. Deuxi\u00e8me \u00e9tage 4 x chambre double. Chaque chambre a de bons sommiers \u00e0 ressorts et une salle de bain priv\u00e9e avec grande douche et toilette ! Premier \u00e9tage Vaste espace de vie avec cuisine ouverte. Chambre \u00e0 coucher principale avec salle de bain&hellip; <a href=\"https:\/\/www.limounie.com\/fr\/kamers\/\">Read more &rarr;<\/a><\/p>\n","protected":false},"author":3,"featured_media":0,"parent":0,"menu_order":0,"comment_status":"closed","ping_status":"closed","template":"","meta":{"footnotes":""},"_links":{"self":[{"href":"https:\/\/www.limounie.com\/fr\/wp-json\/wp\/v2\/pages\/19"}],"collection":[{"href":"https:\/\/www.limounie.com\/fr\/wp-json\/wp\/v2\/pages"}],"about":[{"href":"https:\/\/www.limounie.com\/fr\/wp-json\/wp\/v2\/types\/page"}],"author":[{"embeddable":true,"href":"https:\/\/www.limounie.com\/fr\/wp-json\/wp\/v2\/users\/3"}],"replies":[{"embeddable":true,"href":"https:\/\/www.limounie.com\/fr\/wp-json\/wp\/v2\/comments?post=19"}],"version-history":[{"count":79,"href":"https:\/\/www.limounie.com\/fr\/wp-json\/wp\/v2\/pages\/19\/revisions"}],"predecessor-version":[{"id":1041,"href":"https:\/\/www.limounie.com\/fr\/wp-json\/wp\/v2\/pages\/19\/revisions\/1041"}],"wp:attachment":[{"href":"https:\/\/www.limounie.com\/fr\/wp-json\/wp\/v2\/media?parent=19"}],"curies":[{"name":"wp","href":"https:\/\/api.w.org\/{rel}","templated":true}]}}