{"id":21,"date":"2015-01-12T18:48:40","date_gmt":"2015-01-12T18:48:40","guid":{"rendered":"https:\/\/www.limounie.com\/?page_id=21"},"modified":"2024-05-26T23:19:25","modified_gmt":"2024-05-26T22:19:25","slug":"omgeving","status":"publish","type":"page","link":"https:\/\/www.limounie.com\/fr\/omgeving\/","title":{"rendered":"A faire"},"content":{"rendered":"<p><\/p>\n<div style=\"display: flex;\">\n<div style=\"flex: 2; padding-right: 20px;\">\n    <strong>Sur le domaine.<\/strong><\/p>\n<ul>\n<li>Piscine priv\u00e9e chauff\u00e9e.<\/li>\n<li>Pataugeoire chauff\u00e9e.<\/li>\n<li>Petanque.<\/li>\n<li>For\u00eat derri\u00e8re la maison.<\/li>\n<\/ul>\n<p><strong>Dans les environs<\/strong><\/p>\n<ul>\n<li>Lacs de Sainte-Croix et d&rsquo;Esparron avec diverses activit\u00e9s nautiques.<\/li>\n<li>Les gorges du Verdon : impressionnant ! avec des sentiers de randonn\u00e9e, kayak, rafting,<\/li>\n<li>Canyoning, parapente et saut \u00e0 l&rsquo;\u00e9lastique.<\/li>\n<li>Tennis, \u00e9quitation et location de v\u00e9los et quads \u00e0 Riez, la ville la plus proche.<\/li>\n<li>March\u00e9 proven\u00e7al \u00e0 Riez le mercredi et le samedi.<\/li>\n<li>Moustiers-Sainte-Marie : c\u00e9l\u00e8bre pour sa fa\u00efence avec une d\u00e9coration \u00e9maill\u00e9e typique.<\/li>\n<li>Les champs de lavande \u00e0 perte de vue.<\/li>\n<li>Station thermale \u00e0 Gr\u00e9oux-les-Bains.<\/li>\n<li>Le mus\u00e9e de la pr\u00e9histoire \u00e0 Quinson.<\/li>\n<li>Le ch\u00e2teau d&rsquo;Allemagne-en-Provence. Possibilit\u00e9 de visite guid\u00e9e.<\/li>\n<\/ul>\n<p><strong>Un peu plus loin.<\/strong><\/p>\n<ul>\n<li>Aix-en-Provence<\/li>\n<li>Marseille<\/li>\n<li>Avignon<\/li>\n<li>C\u00f4te d\u2019Azur<\/li>\n<li>Mont Ventoux, \u2026<\/li>\n<\/ul><\/div>\n<div style=\"flex: 1;\">\n    <img loading=\"lazy\" decoding=\"async\" src=\"https:\/\/www.limounie.com\/wp-content\/uploads\/2024\/05\/croix-300x214.jpeg\" alt=\"\" width=\"300\" height=\"214\" class=\"alignnone size-medium wp-image-1029\" srcset=\"https:\/\/www.limounie.com\/wp-content\/uploads\/2024\/05\/croix-300x214.jpeg 300w, https:\/\/www.limounie.com\/wp-content\/uploads\/2024\/05\/croix-768x548.jpeg 768w, https:\/\/www.limounie.com\/wp-content\/uploads\/2024\/05\/croix.jpeg 1000w\" sizes=\"(max-width: 300px) 100vw, 300px\" \/><br \/>\n    <img loading=\"lazy\" decoding=\"async\" src=\"https:\/\/www.limounie.com\/wp-content\/uploads\/2024\/05\/gorges-300x170.jpeg\" alt=\"\" width=\"300\" height=\"170\" class=\"alignnone size-medium wp-image-1030\" srcset=\"https:\/\/www.limounie.com\/wp-content\/uploads\/2024\/05\/gorges-300x170.jpeg 300w, https:\/\/www.limounie.com\/wp-content\/uploads\/2024\/05\/gorges-1024x580.jpeg 1024w, https:\/\/www.limounie.com\/wp-content\/uploads\/2024\/05\/gorges-768x435.jpeg 768w, https:\/\/www.limounie.com\/wp-content\/uploads\/2024\/05\/gorges.jpeg 1200w\" sizes=\"(max-width: 300px) 100vw, 300px\" \/><br \/>\n    <img loading=\"lazy\" decoding=\"async\" src=\"https:\/\/www.limounie.com\/wp-content\/uploads\/2024\/05\/moustiers-300x225.jpg\" alt=\"\" width=\"300\" height=\"225\" class=\"alignnone size-medium wp-image-1031\" srcset=\"https:\/\/www.limounie.com\/wp-content\/uploads\/2024\/05\/moustiers-300x225.jpg 300w, https:\/\/www.limounie.com\/wp-content\/uploads\/2024\/05\/moustiers-1024x768.jpg 1024w, https:\/\/www.limounie.com\/wp-content\/uploads\/2024\/05\/moustiers-768x576.jpg 768w, https:\/\/www.limounie.com\/wp-content\/uploads\/2024\/05\/moustiers-1536x1152.jpg 1536w, https:\/\/www.limounie.com\/wp-content\/uploads\/2024\/05\/moustiers.jpg 2048w\" sizes=\"(max-width: 300px) 100vw, 300px\" \/><br \/>\n    <img loading=\"lazy\" decoding=\"async\" src=\"https:\/\/www.limounie.com\/wp-content\/uploads\/2024\/05\/aix-300x200.jpg\" alt=\"\" width=\"300\" height=\"200\" class=\"alignnone size-medium wp-image-1032\" srcset=\"https:\/\/www.limounie.com\/wp-content\/uploads\/2024\/05\/aix-300x200.jpg 300w, https:\/\/www.limounie.com\/wp-content\/uploads\/2024\/05\/aix-1024x684.jpg 1024w, https:\/\/www.limounie.com\/wp-content\/uploads\/2024\/05\/aix-768x513.jpg 768w, https:\/\/www.limounie.com\/wp-content\/uploads\/2024\/05\/aix.jpg 1200w\" sizes=\"(max-width: 300px) 100vw, 300px\" \/>\n  <\/div>\n<\/div>\n<p><\/p>","protected":false},"excerpt":{"rendered":"<p class=\"excerpt\">Sur le domaine. Piscine priv\u00e9e chauff\u00e9e. Pataugeoire chauff\u00e9e. Petanque. For\u00eat derri\u00e8re la maison. Dans les environs Lacs de Sainte-Croix et d&rsquo;Esparron avec diverses activit\u00e9s nautiques. Les gorges du Verdon : impressionnant ! avec des sentiers de randonn\u00e9e, kayak, rafting, Canyoning, parapente et saut \u00e0 l&rsquo;\u00e9lastique. Tennis, \u00e9quitation et location de v\u00e9los et quads \u00e0 Riez, la ville la plus proche.&hellip; <a href=\"https:\/\/www.limounie.com\/fr\/omgeving\/\">Read more &rarr;<\/a><\/p>\n","protected":false},"author":3,"featured_media":0,"parent":0,"menu_order":0,"comment_status":"closed","ping_status":"closed","template":"","meta":{"footnotes":""},"_links":{"self":[{"href":"https:\/\/www.limounie.com\/fr\/wp-json\/wp\/v2\/pages\/21"}],"collection":[{"href":"https:\/\/www.limounie.com\/fr\/wp-json\/wp\/v2\/pages"}],"about":[{"href":"https:\/\/www.limounie.com\/fr\/wp-json\/wp\/v2\/types\/page"}],"author":[{"embeddable":true,"href":"https:\/\/www.limounie.com\/fr\/wp-json\/wp\/v2\/users\/3"}],"replies":[{"embeddable":true,"href":"https:\/\/www.limounie.com\/fr\/wp-json\/wp\/v2\/comments?post=21"}],"version-history":[{"count":34,"href":"https:\/\/www.limounie.com\/fr\/wp-json\/wp\/v2\/pages\/21\/revisions"}],"predecessor-version":[{"id":1055,"href":"https:\/\/www.limounie.com\/fr\/wp-json\/wp\/v2\/pages\/21\/revisions\/1055"}],"wp:attachment":[{"href":"https:\/\/www.limounie.com\/fr\/wp-json\/wp\/v2\/media?parent=21"}],"curies":[{"name":"wp","href":"https:\/\/api.w.org\/{rel}","templated":true}]}}