{"id":33,"date":"2015-02-05T20:04:39","date_gmt":"2015-02-05T20:04:39","guid":{"rendered":"https:\/\/www.limounie.com\/?page_id=33"},"modified":"2024-05-25T10:41:49","modified_gmt":"2024-05-25T09:41:49","slug":"prijzen","status":"publish","type":"page","link":"https:\/\/www.limounie.com\/fr\/prijzen\/","title":{"rendered":"Tarifs"},"content":{"rendered":"<p>Dans notre prix&nbsp;le nettoyage \u00e0 la fin de votre sejour est inclus.<br \/>\n<strong><span style=\"color: #ff0000;\">R\u00e9server directement chez nous est toujours plus avantageux que via des interm\u00e9diaires tels que VRBO \/ Abritel \/ etc, o\u00f9 vous payez toujours des frais de service suppl\u00e9mentaires (parfois plus de 500 EUR !).<br \/>\n<\/span><\/strong><br \/>\nConsommation de l\u2019\u00e9lectricit\u00e9 \u00e0 co\u00fbt (0,24\/KwH)<br \/>\nDraps sont disponible \u00e0 25&nbsp;\u20ac \/ chambre.<\/p>\n<table class=\"table table-striped\">\n<tbody>\n<tr class=\"info\">\n<td>P\u00e9riodes 2024<\/td>\n<td>Prix\/semaine<\/td>\n<\/tr>\n<tr>\n<td>13\/04 &#8211; 18\/05<\/td>\n<td>\u20ac 1 280<\/td>\n<\/tr>\n<tr>\n<td>16\/05 &#8211; 01\/06<\/td>\n<td>\u20ac 1 420<\/td>\n<\/tr>\n<tr>\n<td>01\/06 &#8211; 15\/06<\/td>\n<td>\u20ac 1 580<\/td>\n<\/tr>\n<tr>\n<td>15\/06 &#8211; 29\/06<\/td>\n<td>\u20ac 1 740<\/td>\n<\/tr>\n<tr>\n<td>29\/06 &#8211; 31\/08<\/td>\n<td>\u20ac 3 360<\/td>\n<\/tr>\n<tr>\n<td>31\/08 &#8211; 14\/09<\/td>\n<td>\u20ac 1 840<\/td>\n<\/tr>\n<tr>\n<td>14\/09 &#8211; 28\/09<\/td>\n<td>\u20ac 1 600<\/td>\n<\/tr>\n<tr>\n<td><\/td>\n<td><\/td>\n<\/tr>\n<tr>\n<td>21\/12 &#8211; 04\/01 2025<\/td>\n<td>\u20ac 1 640<\/td>\n<\/tr>\n<tr>\n<td><\/td>\n<td><\/td>\n<\/tr>\n<tr>\n<td>Autres p\u00e9riodes<\/td>\n<td>\u20ac 1 280<\/td>\n<\/tr>\n<\/tbody>\n<\/table>\n<p><\/p>","protected":false},"excerpt":{"rendered":"<p class=\"excerpt\">Dans notre prix&nbsp;le nettoyage \u00e0 la fin de votre sejour est inclus. R\u00e9server directement chez nous est toujours plus avantageux que via des interm\u00e9diaires tels que VRBO \/ Abritel \/ etc, o\u00f9 vous payez toujours des frais de service suppl\u00e9mentaires (parfois plus de 500 EUR !). Consommation de l\u2019\u00e9lectricit\u00e9 \u00e0 co\u00fbt (0,24\/KwH) Draps sont disponible \u00e0 25&nbsp;\u20ac \/ chambre. P\u00e9riodes&hellip; <a href=\"https:\/\/www.limounie.com\/fr\/prijzen\/\">Read more &rarr;<\/a><\/p>\n","protected":false},"author":3,"featured_media":0,"parent":0,"menu_order":0,"comment_status":"closed","ping_status":"closed","template":"","meta":{"footnotes":""},"_links":{"self":[{"href":"https:\/\/www.limounie.com\/fr\/wp-json\/wp\/v2\/pages\/33"}],"collection":[{"href":"https:\/\/www.limounie.com\/fr\/wp-json\/wp\/v2\/pages"}],"about":[{"href":"https:\/\/www.limounie.com\/fr\/wp-json\/wp\/v2\/types\/page"}],"author":[{"embeddable":true,"href":"https:\/\/www.limounie.com\/fr\/wp-json\/wp\/v2\/users\/3"}],"replies":[{"embeddable":true,"href":"https:\/\/www.limounie.com\/fr\/wp-json\/wp\/v2\/comments?post=33"}],"version-history":[{"count":99,"href":"https:\/\/www.limounie.com\/fr\/wp-json\/wp\/v2\/pages\/33\/revisions"}],"predecessor-version":[{"id":979,"href":"https:\/\/www.limounie.com\/fr\/wp-json\/wp\/v2\/pages\/33\/revisions\/979"}],"wp:attachment":[{"href":"https:\/\/www.limounie.com\/fr\/wp-json\/wp\/v2\/media?parent=33"}],"curies":[{"name":"wp","href":"https:\/\/api.w.org\/{rel}","templated":true}]}}